{"id":27,"date":"2021-08-27T09:11:21","date_gmt":"2021-08-27T07:11:21","guid":{"rendered":"https:\/\/tulpenreinigung.ch\/?page_id=27"},"modified":"2023-08-21T23:18:02","modified_gmt":"2023-08-21T21:18:02","slug":"impressum","status":"publish","type":"page","link":"https:\/\/tulpenreinigung.ch\/en\/impressum\/","title":{"rendered":"Informacione"},"content":{"rendered":"<p>[et_pb_section fb_built=&#187;1&#8243; admin_label=&#187;Email and FAQ&#187; _builder_version=&#187;4.16&#8243; background_image=&#187;https:\/\/tulpenreinigung.ch\/wp-content\/uploads\/2021\/09\/gray-abstract-wireframe-technology-background-scaled.jpg&#187; custom_padding=&#187;0px||0px||false|false&#187; background_last_edited=&#187;on|tablet&#187; background_enable_image_tablet=&#187;off&#187; background_enable_image_phone=&#187;off&#187; global_colors_info=&#187;{}&#187;][et_pb_row _builder_version=&#187;4.16&#8243; max_width=&#187;80%&#187; custom_margin=&#187;||0px||false|false&#187; custom_padding=&#187;||0px||false|false&#187; global_colors_info=&#187;{}&#187;][et_pb_column type=&#187;4_4&#8243; _builder_version=&#187;4.16&#8243; custom_padding=&#187;|||&#187; global_colors_info=&#187;{}&#187; custom_padding__hover=&#187;|||&#187;][et_pb_text _builder_version=&#187;4.16&#8243; text_font=&#187;||||||||&#187; text_font_size=&#187;18px&#187; text_line_height=&#187;1.4em&#187; header_font=&#187;||||||||&#187; header_2_font=&#187;Poppins|600|||||||&#187; header_2_text_color=&#187;#008dd2&#8243; header_2_font_size=&#187;28px&#187; header_2_line_height=&#187;1.3em&#187; animation_style=&#187;fade&#187; text_font_size_tablet=&#187;&#187; text_font_size_phone=&#187;16px&#187; text_font_size_last_edited=&#187;on|phone&#187; header_2_font_size_tablet=&#187;&#187; header_2_font_size_phone=&#187;22px&#187; header_2_font_size_last_edited=&#187;on|phone&#187; header_2_line_height_tablet=&#187;&#187; header_2_line_height_phone=&#187;1.2em&#187; header_2_line_height_last_edited=&#187;on|phone&#187; locked=&#187;off&#187; global_colors_info=&#187;{}&#187;]<\/p>\n<h2>Impressum<\/h2>\n<p>[\/et_pb_text][\/et_pb_column][\/et_pb_row][et_pb_row column_structure=&#187;1_3,1_3,1_3&#8243; _builder_version=&#187;4.16&#8243; max_width=&#187;80%&#187; custom_margin=&#187;||0px||false|false&#187; custom_padding=&#187;0px||0px||false|false&#187; global_colors_info=&#187;{}&#187;][et_pb_column type=&#187;1_3&#8243; _builder_version=&#187;4.16&#8243; custom_padding=&#187;|||&#187; global_colors_info=&#187;{}&#187; custom_padding__hover=&#187;|||&#187;][et_pb_text _builder_version=&#187;4.16&#8243; text_font=&#187;||||||||&#187; text_font_size=&#187;18px&#187; text_line_height=&#187;1.4em&#187; header_font=&#187;||||||||&#187; header_2_font=&#187;Poppins|600|||||||&#187; header_2_text_color=&#187;#008dd2&#8243; header_2_font_size=&#187;28px&#187; header_2_line_height=&#187;1.3em&#187; animation_style=&#187;fade&#187; text_font_size_tablet=&#187;&#187; text_font_size_phone=&#187;16px&#187; text_font_size_last_edited=&#187;on|phone&#187; header_2_font_size_tablet=&#187;&#187; header_2_font_size_phone=&#187;22px&#187; header_2_font_size_last_edited=&#187;on|phone&#187; header_2_line_height_tablet=&#187;&#187; header_2_line_height_phone=&#187;1.2em&#187; header_2_line_height_last_edited=&#187;on|phone&#187; locked=&#187;off&#187; global_colors_info=&#187;{}&#187;]<\/p>\n<p><strong>Inhaber &amp; Verantwortung<\/strong><br \/>Tulpen Reinigung GmbH<br \/>Schulhausstrasse 10<br \/>5314 Kleind\u00f6ttingen<\/p>\n<p>Tel: 056 555 44 02<br \/>Mobile: 076 709 51 87<br \/>E-Mail:<span>\u00a0<\/span><a href=\"mailto:info@tulpenreinigung.ch\">info@tulpenreinigung.ch<\/a><\/p>\n<p>[\/et_pb_text][\/et_pb_column][et_pb_column type=&#187;1_3&#8243; _builder_version=&#187;4.16&#8243; _module_preset=&#187;default&#187; global_colors_info=&#187;{}&#187;][et_pb_text _builder_version=&#187;4.16&#8243; text_font=&#187;||||||||&#187; text_font_size=&#187;18px&#187; text_line_height=&#187;1.4em&#187; header_font=&#187;||||||||&#187; header_2_font=&#187;Poppins|600|||||||&#187; header_2_text_color=&#187;#008dd2&#8243; header_2_font_size=&#187;28px&#187; header_2_line_height=&#187;1.3em&#187; animation_style=&#187;fade&#187; text_font_size_tablet=&#187;&#187; text_font_size_phone=&#187;16px&#187; text_font_size_last_edited=&#187;on|phone&#187; header_2_font_size_tablet=&#187;&#187; header_2_font_size_phone=&#187;22px&#187; header_2_font_size_last_edited=&#187;on|phone&#187; header_2_line_height_tablet=&#187;&#187; header_2_line_height_phone=&#187;1.2em&#187; header_2_line_height_last_edited=&#187;on|phone&#187; locked=&#187;off&#187; global_colors_info=&#187;{}&#187;]<\/p>\n<p><strong>Webseite und Design<\/strong><br \/>LoliT<br \/>Landstrasse<br \/>5415 Nussbaumen<\/p>\n<p>Tel: +41 76 270 71 32<br \/>E-Mail: <a href=\"mailto:info@auracom.ch\">info@lolit.ch<\/a><br \/>Web: <a target=\"_blank\" href=\"https:\/\/www.auracom.ch\" rel=\"noopener\">www.LoliT.ch<\/a><\/p>\n<p>[\/et_pb_text][\/et_pb_column][et_pb_column type=&#187;1_3&#8243; _builder_version=&#187;4.16&#8243; custom_padding=&#187;|||&#187; global_colors_info=&#187;{}&#187; custom_padding__hover=&#187;|||&#187;][\/et_pb_column][\/et_pb_row][et_pb_row _builder_version=&#187;4.16&#8243; max_width=&#187;80%&#187; custom_padding=&#187;10px||||false|false&#187; global_colors_info=&#187;{}&#187;][et_pb_column type=&#187;4_4&#8243; _builder_version=&#187;4.16&#8243; custom_padding=&#187;|||&#187; global_colors_info=&#187;{}&#187; custom_padding__hover=&#187;|||&#187;][et_pb_text _builder_version=&#187;4.16&#8243; text_font=&#187;||||||||&#187; text_font_size=&#187;18px&#187; text_line_height=&#187;1.4em&#187; header_font=&#187;||||||||&#187; header_2_font=&#187;Poppins|600|||||||&#187; header_2_text_color=&#187;#008dd2&#8243; header_2_font_size=&#187;28px&#187; header_2_line_height=&#187;1.3em&#187; animation_style=&#187;fade&#187; text_font_size_tablet=&#187;&#187; text_font_size_phone=&#187;16px&#187; text_font_size_last_edited=&#187;on|phone&#187; header_2_font_size_tablet=&#187;&#187; header_2_font_size_phone=&#187;22px&#187; header_2_font_size_last_edited=&#187;on|phone&#187; header_2_line_height_tablet=&#187;&#187; header_2_line_height_phone=&#187;1.2em&#187; header_2_line_height_last_edited=&#187;on|phone&#187; locked=&#187;off&#187; global_colors_info=&#187;{}&#187;]<\/p>\n<p><strong>Copyright<\/strong><br \/>Die Verantwortung und das Copyright f\u00fcr den Inhalt dieser Seiten liegt ausschliesslich beim Betreiber der Firma Tulpen &#8211; Reinigung. Jegliche Verwendung oder Vervielf\u00e4ltigung von Texten, Grafiken und Bilder \u2013 in andere elektronische oder gedruckte Publikationen \u2013 ist ohne ausdr\u00fcckliche Zustimmung der Firma Tulpen &#8211; Reinigung nicht gestattet.<\/p>\n<p><strong>Datenschutz<\/strong><br \/>Die Betreiber dieser Seiten nehmen den Schutz Ihrer pers\u00f6nlichen Daten sehr ernst. Wir behandeln Ihre personenbezogenen Daten vertraulich und entsprechend der gesetzlichen Datenschutzvorschriften sowie dieser Datenschutzerkl\u00e4rung.<\/p>\n<p>Die Nutzung unserer Webseite ist in der Regel ohne Angabe personenbezogener Daten m\u00f6glich. Soweit auf unseren Seiten personenbezogene Daten (beispielsweise Name, Anschrift oder E-Mail-Adressen) erhoben werden, erfolgt dies, soweit m\u00f6glich, stets auf freiwilliger Basis. Diese Daten werden ohne Ihre ausdr\u00fcckliche Zustimmung nicht an Dritte weitergegeben.<\/p>\n<p>Wir weisen darauf hin, dass die Daten\u00fcbertragung im Internet (z.B. bei der Kommunikation per E-Mail) Sicherheitsl\u00fccken aufweisen kann. Ein l\u00fcckenloser Schutz der Daten vor dem Zugriff durch Dritte ist nicht m\u00f6glich.<\/p>\n<p><strong>Cookies<\/strong><br \/>Die Internetseiten verwenden teilweise so genannte Cookies. Cookies richten auf Ihrem Rechner keinen Schaden an und enthalten keine Viren. Cookies dienen dazu, unser Angebot nutzerfreundlicher, effektiver und sicherer zu machen. Cookies sind kleine Textdateien, die auf Ihrem Rechner abgelegt werden und die Ihr Browser speichert.<\/p>\n<p>Die meisten der von uns verwendeten Cookies sind so genannte \u201eSession-Cookies\u201c. Sie werden nach Ende Ihres Besuchs automatisch gel\u00f6scht. Andere Cookies bleiben auf Ihrem Endger\u00e4t gespeichert, bis Sie diese l\u00f6schen. Diese Cookies erm\u00f6glichen es uns, Ihren Browser beim n\u00e4chsten Besuch wiederzuerkennen.<\/p>\n<p>Sie k\u00f6nnen Ihren Browser so einstellen, dass Sie \u00fcber das Setzen von Cookies informiert werden und Cookies nur im Einzelfall erlauben, die Annahme von Cookies f\u00fcr bestimmte F\u00e4lle oder generell ausschliessen sowie das automatische L\u00f6schen der Cookies beim Schliessen des Browser aktivieren. Bei der Deaktivierung von Cookies kann die Funktionalit\u00e4t dieser Website eingeschr\u00e4nkt sein.<\/p>\n<p><strong>Lizenzen der verwendeten Bilder<\/strong><br \/>Alle auf dieser Webseite verwendeten Bilder sind unter der Creative Commons Zero (CC0) Lizenz ver\u00f6ffentlicht. Der Urheber verzichtet damit unwiderruflich auf jegliche Rechte an seinem Werk. Das Werk kann uneingeschr\u00e4nkt genutzt, geteilt, ver\u00e4ndert und weiterverarbeitet werden.<\/p>\n<p>Wir haben ausschliesslich lizenzfreie Bilder und Videos von den folgenden Plattformen verwendet:<\/p>\n<ul>\n<li><a href=\"https:\/\/www.pexels.com\/\" target=\"_blank\" rel=\"noopener\">https:\/\/www.pexels.com\/<\/a><\/li>\n<li><a href=\"https:\/\/www.freepik.com\/\" target=\"_blank\" rel=\"noopener\">https:\/\/www.freepik.com<\/a><\/li>\n<li><a href=\"https:\/\/pixabay.com\/\" target=\"_blank\" rel=\"noopener\">https:\/\/pixabay.com\/<\/a><\/li>\n<li><a href=\"https:\/\/stock.adobe.com\/\">https:\/\/stock.adobe.com\/<\/a><\/li>\n<\/ul>\n<p>Bitte senden Sie keine Abmahnung ohne den vorherigen Kontakt zu uns! Sollten durch die Aufmachung oder den Inhalt dieser Internetseiten Rechte Dritter oder gesetzliche Bestimmungen verletzt worden sein, so bitten wir Sie um eine entsprechende Nachricht ohne Kostennote.<\/p>\n<p>Wir garantieren die unverz\u00fcgliche Entfernung der zu Recht beanstandeten Passagen, ohne dass die Einschaltung eines Rechtsbeistandes von Ihnen aus erforderlich ist.<\/p>\n<p>Sollten dennoch von Ihnen Kosten ausgel\u00f6st werden, ohne dass zuvor eine Kontaktaufnahme mit uns erfolgt ist, werden wir diese nicht zur\u00fcckerstatten. Gegebenfalls werden wir wegen Verletzung vorgenannter Bestimmungen Gegenklage einreichen.<\/p>\n<p>[\/et_pb_text][\/et_pb_column][\/et_pb_row][\/et_pb_section]<\/p>\n","protected":false},"excerpt":{"rendered":"<p>ImpressumInhaber &amp; VerantwortungTulpen Reinigung GmbHSchulhausstrasse 105314 Kleind\u00f6ttingen Tel: 056 555 44 02Mobile: 076 709 51 87E-Mail:\u00a0info@tulpenreinigung.chWebseite und DesignLoliTLandstrasse5415 Nussbaumen Tel: +41 76 270 71 32E-Mail: info@lolit.chWeb: www.LoliT.chCopyrightDie Verantwortung und das Copyright f\u00fcr den Inhalt dieser Seiten liegt ausschliesslich beim Betreiber der Firma Tulpen &#8211; Reinigung. Jegliche Verwendung oder Vervielf\u00e4ltigung von Texten, Grafiken und Bilder \u2013 [&hellip;]<\/p>\n","protected":false},"author":2,"featured_media":0,"parent":0,"menu_order":0,"comment_status":"closed","ping_status":"closed","template":"","meta":{"_et_pb_use_builder":"on","_et_pb_old_content":"<!-- wp:divi\/placeholder \/-->","_et_gb_content_width":"","footnotes":""},"class_list":["post-27","page","type-page","status-publish","hentry"],"_links":{"self":[{"href":"https:\/\/tulpenreinigung.ch\/en\/wp-json\/wp\/v2\/pages\/27","targetHints":{"allow":["GET"]}}],"collection":[{"href":"https:\/\/tulpenreinigung.ch\/en\/wp-json\/wp\/v2\/pages"}],"about":[{"href":"https:\/\/tulpenreinigung.ch\/en\/wp-json\/wp\/v2\/types\/page"}],"author":[{"embeddable":true,"href":"https:\/\/tulpenreinigung.ch\/en\/wp-json\/wp\/v2\/users\/2"}],"replies":[{"embeddable":true,"href":"https:\/\/tulpenreinigung.ch\/en\/wp-json\/wp\/v2\/comments?post=27"}],"version-history":[{"count":16,"href":"https:\/\/tulpenreinigung.ch\/en\/wp-json\/wp\/v2\/pages\/27\/revisions"}],"predecessor-version":[{"id":795,"href":"https:\/\/tulpenreinigung.ch\/en\/wp-json\/wp\/v2\/pages\/27\/revisions\/795"}],"wp:attachment":[{"href":"https:\/\/tulpenreinigung.ch\/en\/wp-json\/wp\/v2\/media?parent=27"}],"curies":[{"name":"wp","href":"https:\/\/api.w.org\/{rel}","templated":true}]}}