{"id":584,"date":"2021-09-08T09:38:18","date_gmt":"2021-09-08T07:38:18","guid":{"rendered":"https:\/\/tulpenreinigung.ch\/?page_id=584"},"modified":"2021-09-08T12:40:38","modified_gmt":"2021-09-08T10:40:38","slug":"baureinigung","status":"publish","type":"page","link":"https:\/\/tulpenreinigung.ch\/sq\/baureinigung\/","title":{"rendered":"Pastrim nd\u00ebrtesash"},"content":{"rendered":"<p>[et_pb_section fb_built=&#187;1&#8243; fullwidth=&#187;on&#187; admin_label=&#187;Header&#187; _builder_version=&#187;4.10.2&#8243; background_image=&#187;https:\/\/tulpenreinigung.ch\/wp-content\/uploads\/2021\/09\/Baureinigung.jpg&#187; parallax=&#187;on&#187; custom_margin=&#187;|||&#187; custom_padding=&#187;|||&#187; border_color_bottom=&#187;#008dd2&#8243; locked=&#187;off&#187; global_colors_info=&#187;{}&#187;][et_pb_fullwidth_header title=&#187;Baureinigung&#187; button_one_url=&#187;#&#187; button_two_url=&#187;#&#187; scroll_down_icon_size_tablet=&#187;&#187; scroll_down_icon_size_phone=&#187;&#187; scroll_down_icon_size_last_edited=&#187;on|phone&#187; _builder_version=&#187;4.10.2&#8243; title_font=&#187;Ubuntu|700|||||||&#187; title_font_size=&#187;70px&#187; title_line_height=&#187;1.2em&#187; content_font=&#187;|600|||||||&#187; content_font_size=&#187;20px&#187; content_line_height=&#187;2em&#187; background_color=&#187;rgba(255,255,255,0)&#187; use_background_color_gradient=&#187;on&#187; background_color_gradient_start=&#187;rgba(255,255,255,0)&#187; background_color_gradient_end=&#187;#ffffff&#187; background_color_gradient_type=&#187;radial&#187; background_color_gradient_direction_radial=&#187;right&#187; background_color_gradient_end_position=&#187;70%&#187; background_image=&#187;https:\/\/tulpenreinigung.ch\/wp-content\/uploads\/2021\/09\/cleaning-services-01.png&#187; custom_button_one=&#187;on&#187; button_one_text_size=&#187;18px&#187; button_one_text_color=&#187;#ffffff&#187; button_one_bg_color=&#187;#f2835a&#187; button_one_bg_color_gradient_start=&#187;#f2835a&#187; button_one_bg_color_gradient_end=&#187;#fab993&#8243; button_one_bg_color_gradient_direction=&#187;90deg&#187; button_one_bg_color_gradient_overlays_image=&#187;on&#187; button_one_border_width=&#187;10px&#187; button_one_border_color=&#187;#f2835a&#187; button_one_border_radius=&#187;0px&#187; button_one_font=&#187;Ubuntu|700|||||||&#187; custom_button_two=&#187;on&#187; button_two_text_size=&#187;18px&#187; button_two_text_color=&#187;#ffffff&#187; button_two_bg_color=&#187;#557df3&#8243; button_two_border_width=&#187;10px&#187; button_two_border_color=&#187;#557df3&#8243; button_two_border_radius=&#187;0px&#187; button_two_font=&#187;Ubuntu|700|||||||&#187; background_layout=&#187;light&#187; custom_padding=&#187;10vw||14vw||false|false&#187; custom_padding_tablet=&#187;||||false&#187; custom_padding_phone=&#187;3vw||6vw||false&#187; custom_padding_last_edited=&#187;on|phone&#187; animation_style=&#187;fade&#187; title_font_size_tablet=&#187;35px&#187; title_font_size_phone=&#187;25px&#187; title_font_size_last_edited=&#187;on|phone&#187; content_font_size_tablet=&#187;16px&#187; content_font_size_phone=&#187;14px&#187; content_font_size_last_edited=&#187;on|phone&#187; button_one_text_size_tablet=&#187;&#187; button_one_text_size_phone=&#187;&#187; button_one_text_size_last_edited=&#187;on|desktop&#187; button_one_border_radius_hover=&#187;0px&#187; button_two_border_radius_hover=&#187;0px&#187; global_colors_info=&#187;{}&#187; button_one_text_size__hover_enabled=&#187;off&#187; button_two_text_size__hover_enabled=&#187;off&#187; button_one_text_color__hover_enabled=&#187;off&#187; button_two_text_color__hover_enabled=&#187;off&#187; button_one_border_width__hover_enabled=&#187;off&#187; button_two_border_width__hover_enabled=&#187;off&#187; button_one_border_color__hover_enabled=&#187;off&#187; button_two_border_color__hover_enabled=&#187;off&#187; button_one_border_radius__hover_enabled=&#187;on&#187; button_one_border_radius__hover=&#187;0px&#187; button_two_border_radius__hover_enabled=&#187;on&#187; button_two_border_radius__hover=&#187;0px&#187; button_one_letter_spacing__hover_enabled=&#187;off&#187; button_two_letter_spacing__hover_enabled=&#187;off&#187; button_one_bg_color__hover_enabled=&#187;off&#187; button_two_bg_color__hover_enabled=&#187;off&#187;]<\/p>\n<p>Tulpen \u2013 Reinigung: Ihr Reinigungsexperte<\/p>\n<p>[\/et_pb_fullwidth_header][\/et_pb_section][et_pb_section fb_built=&#187;1&#8243; specialty=&#187;on&#187; custom_padding_last_edited=&#187;on|desktop&#187; padding_top_bottom_link_1=&#187;false&#187; padding_left_right_link_1=&#187;false&#187; padding_top_1=&#187;0px&#187; padding_top_2=&#187;60px&#187; padding_2_tablet=&#187;0px|||10%&#187; padding_2_phone=&#187;&#187; padding_2_last_edited=&#187;on|tablet&#187; disabled_on=&#187;on|on|off&#187; admin_label=&#187;Features&#187; _builder_version=&#187;4.10.2&#8243; inner_width=&#187;100%&#187; inner_max_width=&#187;100%&#187; custom_margin=&#187;|10%||0px&#187; custom_margin_tablet=&#187;&#187; custom_margin_phone=&#187;|0%||0%|false|false&#187; custom_margin_last_edited=&#187;on|phone&#187; custom_padding=&#187;0|0px|40px|0px|false|false&#187; custom_padding_tablet=&#187;&#187; custom_padding_phone=&#187;0|0px|4px|0px|false|false&#187; inner_module_alignment_last_edited=&#187;off|phone&#187; use_custom_width=&#187;on&#187; width_unit=&#187;off&#187; custom_width_percent=&#187;100%&#187; global_colors_info=&#187;{}&#187;][et_pb_column type=&#187;1_2&#8243; _builder_version=&#187;3.25&#8243; custom_padding=&#187;|||&#187; global_colors_info=&#187;{}&#187; custom_padding__hover=&#187;|||&#187;][et_pb_image src=&#187;https:\/\/tulpenreinigung.ch\/wp-content\/uploads\/2021\/09\/baureinigung_pexels-ksenia-chernaya-5691510-scaled.jpg&#187; title_text=&#187;baureinigung_pexels-ksenia-chernaya-5691510&#8243; align_tablet=&#187;center&#187; align_phone=&#187;center&#187; align_last_edited=&#187;on|desktop&#187; _builder_version=&#187;4.10.2&#8243; width_tablet=&#187;&#187; width_phone=&#187;100%&#187; width_last_edited=&#187;on|phone&#187; max_height=&#187;100%&#187; custom_margin=&#187;||||false|false&#187; animation_style=&#187;slide&#187; animation_direction=&#187;left&#187; animation_intensity_slide=&#187;5%&#187; locked=&#187;off&#187; global_colors_info=&#187;{}&#187;][\/et_pb_image][\/et_pb_column][et_pb_column type=&#187;1_2&#8243; specialty_columns=&#187;2&#8243; _builder_version=&#187;3.25&#8243; custom_padding=&#187;|||&#187; global_colors_info=&#187;{}&#187; padding_tablet=&#187;0px|||10%&#187; padding_last_edited=&#187;on|tablet&#187; custom_padding__hover=&#187;|||&#187;][et_pb_row_inner _builder_version=&#187;4.10.2&#8243; custom_margin=&#187;||||false|false&#187; custom_padding=&#187;|10%|||false|false&#187; global_colors_info=&#187;{}&#187;][et_pb_column_inner saved_specialty_column_type=&#187;1_2&#8243; _builder_version=&#187;4.10.2&#8243; custom_padding=&#187;|||&#187; global_colors_info=&#187;{}&#187; custom_padding__hover=&#187;|||&#187;][et_pb_text _builder_version=&#187;4.10.2&#8243; text_font=&#187;||||||||&#187; text_font_size=&#187;18px&#187; text_line_height=&#187;1.4em&#187; header_font=&#187;||||||||&#187; header_2_font=&#187;Poppins|600|||||||&#187; header_2_text_color=&#187;#008dd2&#8243; header_2_font_size=&#187;28px&#187; header_2_line_height=&#187;1.3em&#187; animation_style=&#187;slide&#187; animation_direction=&#187;right&#187; animation_intensity_slide=&#187;5%&#187; hover_enabled=&#187;0&#8243; text_font_size_tablet=&#187;&#187; text_font_size_phone=&#187;16px&#187; text_font_size_last_edited=&#187;on|phone&#187; header_2_font_size_tablet=&#187;&#187; header_2_font_size_phone=&#187;22px&#187; header_2_font_size_last_edited=&#187;on|phone&#187; header_2_line_height_tablet=&#187;&#187; header_2_line_height_phone=&#187;1.2em&#187; header_2_line_height_last_edited=&#187;on|phone&#187; locked=&#187;off&#187; global_colors_info=&#187;{}&#187; sticky_enabled=&#187;0&#8243;]<\/p>\n<h2>Baureinigung<\/h2>\n<p>Wenn Bau- oder Renovierungsarbeiten abgeschlossen sind, muss die Baustelle von Schmutz und Abf\u00e4llen befreit werden. \u00a0In direkter Zusammenarbeit mit der Bauleitung und mit w\u00f6chentlichen Sitzungen sorgt das Team von Tulpen-Reinigung daf\u00fcr, dass die Spuren von Bauarbeiten gr\u00fcndlich und vollst\u00e4ndig beseitigt werden. Dabei ber\u00fccksichtigen wir alle R\u00e4ume von Kellerboden bis zum Dach.<\/p>\n<p>Unser gut geschultes Team qualifizierter Mitarbeiter zeichnet sich durch eine p\u00fcnktliche, umsichtige und gr\u00fcndliche Arbeitsweise aus. Die Baustellenreinigung bieten wir als Zwischen-, Grob- und Endreinigung an.<\/p>\n<p>[\/et_pb_text][et_pb_text _builder_version=&#187;4.10.2&#8243; text_font=&#187;||||||||&#187; text_font_size=&#187;18px&#187; text_line_height=&#187;1.4em&#187; header_font=&#187;||||||||&#187; header_2_font=&#187;Poppins|600|||||||&#187; header_2_text_color=&#187;#008dd2&#8243; header_2_font_size=&#187;28px&#187; header_2_line_height=&#187;1.4em&#187; custom_margin=&#187;||80px|||&#187; animation_style=&#187;slide&#187; animation_direction=&#187;right&#187; animation_intensity_slide=&#187;5%&#187; hover_enabled=&#187;0&#8243; header_2_font_size_tablet=&#187;&#187; header_2_font_size_phone=&#187;22px&#187; header_2_font_size_last_edited=&#187;on|phone&#187; header_2_line_height_tablet=&#187;&#187; header_2_line_height_phone=&#187;1.2em&#187; header_2_line_height_last_edited=&#187;on|phone&#187; locked=&#187;off&#187; global_colors_info=&#187;{}&#187; sticky_enabled=&#187;0&#8243;]<\/p>\n<h2>Tulpen-Reinigung &#8211; Ihr erfahrener Partner f\u00fcr:<\/h2>\n<div class=\"zweier_hjo\">\n<div class=\"checklist_hjo\"><i class=\"fa fa-check\" aria-hidden=\"true\"><\/i>Grobreinigung<br \/><i class=\"fa fa-check\" aria-hidden=\"true\"><\/i>Zwischenreinigung<br \/><i class=\"fa fa-check\" aria-hidden=\"true\"><\/i>Endreinigung<br \/><i class=\"fa fa-check\" aria-hidden=\"true\"><\/i>Feinreinigung<\/div>\n<\/div>\n<p>[\/et_pb_text][et_pb_cta title=&#187;Kontaktieren Sie uns&#187; button_url=&#187;https:\/\/tulpenreinigung.ch\/kontakt\/&#187; button_text=&#187;Kontakt&#187; _builder_version=&#187;4.10.2&#8243; header_level=&#187;h4&#8243; header_font=&#187;Poppins|600|||||||&#187; header_text_color=&#187;#000000&#8243; header_font_size=&#187;28px&#187; header_line_height=&#187;1.2em&#187; body_font=&#187;||||||||&#187; body_text_color=&#187;#666666&#8243; body_font_size=&#187;18px&#187; body_line_height=&#187;1.5em&#187; background_color=&#187;rgba(126,190,197,0)&#187; custom_button=&#187;on&#187; button_text_size=&#187;18px&#187; button_text_color=&#187;#FFFFFF&#187; button_bg_color=&#187;#557df3&#8243; button_border_width=&#187;10px&#187; button_border_color=&#187;#ffffff&#187; button_border_radius=&#187;0px&#187; button_font=&#187;Ubuntu|700|||||||&#187; button_icon=&#187;%%36%%&#187; custom_margin_tablet=&#187;&#187; custom_margin_phone=&#187;50px||||false|false&#187; custom_margin_last_edited=&#187;on|phone&#187; animation_style=&#187;slide&#187; animation_direction=&#187;right&#187; animation_intensity_slide=&#187;5%&#187; header_font_size_tablet=&#187;&#187; header_font_size_phone=&#187;22px&#187; header_font_size_last_edited=&#187;on|phone&#187; border_width_all=&#187;1px&#187; border_color_all=&#187;#dee4ee&#187; box_shadow_style=&#187;preset1&#8243; box_shadow_color=&#187;rgba(213,221,234,0.5)&#187; button_border_radius_hover=&#187;0px&#187; locked=&#187;off&#187; global_colors_info=&#187;{}&#187; button_text_size__hover_enabled=&#187;off&#187; button_one_text_size__hover_enabled=&#187;off&#187; button_two_text_size__hover_enabled=&#187;off&#187; button_text_color__hover_enabled=&#187;off&#187; button_one_text_color__hover_enabled=&#187;off&#187; button_two_text_color__hover_enabled=&#187;off&#187; button_border_width__hover_enabled=&#187;off&#187; button_one_border_width__hover_enabled=&#187;off&#187; button_two_border_width__hover_enabled=&#187;off&#187; button_border_color__hover_enabled=&#187;off&#187; button_one_border_color__hover_enabled=&#187;off&#187; button_two_border_color__hover_enabled=&#187;off&#187; button_border_radius__hover_enabled=&#187;on&#187; button_border_radius__hover=&#187;0px&#187; button_one_border_radius__hover_enabled=&#187;off&#187; button_two_border_radius__hover_enabled=&#187;off&#187; button_letter_spacing__hover_enabled=&#187;off&#187; button_one_letter_spacing__hover_enabled=&#187;off&#187; button_two_letter_spacing__hover_enabled=&#187;off&#187; button_bg_color__hover_enabled=&#187;off&#187; button_one_bg_color__hover_enabled=&#187;off&#187; button_two_bg_color__hover_enabled=&#187;off&#187;]<\/p>\n<p>Kontaktieren Sie uns via E-Mail oder per Telefon, damit wir Sie unverbindlich bei einem ersten kostenlosen Gespr\u00e4ch beraten k\u00f6nnen. Wir sind gerne f\u00fcr Sie da.<\/p>\n<p>[\/et_pb_cta][\/et_pb_column_inner][\/et_pb_row_inner][\/et_pb_column][\/et_pb_section][et_pb_section fb_built=&#187;1&#8243; specialty=&#187;on&#187; custom_padding_last_edited=&#187;on|desktop&#187; padding_top_bottom_link_1=&#187;false&#187; padding_left_right_link_1=&#187;false&#187; padding_top_1=&#187;0px&#187; padding_top_2=&#187;60px&#187; padding_2_tablet=&#187;0px|||10%&#187; padding_2_phone=&#187;&#187; padding_2_last_edited=&#187;on|tablet&#187; disabled_on=&#187;off|off|on&#187; admin_label=&#187;Features&#187; _builder_version=&#187;4.10.2&#8243; inner_width=&#187;100%&#187; inner_max_width=&#187;100%&#187; custom_margin=&#187;|10%||0px&#187; custom_margin_tablet=&#187;&#187; custom_margin_phone=&#187;|0%||0%|false|false&#187; custom_margin_last_edited=&#187;on|phone&#187; custom_padding=&#187;0|0px|40px|0px|false|false&#187; custom_padding_tablet=&#187;&#187; custom_padding_phone=&#187;0|0px|4px|0px|false|false&#187; inner_module_alignment_last_edited=&#187;off|phone&#187; use_custom_width=&#187;on&#187; width_unit=&#187;off&#187; custom_width_percent=&#187;100%&#187; global_colors_info=&#187;{}&#187;][et_pb_column type=&#187;1_2&#8243; _builder_version=&#187;3.25&#8243; custom_padding=&#187;|||&#187; global_colors_info=&#187;{}&#187; custom_padding__hover=&#187;|||&#187;][\/et_pb_column][et_pb_column type=&#187;1_2&#8243; specialty_columns=&#187;2&#8243; _builder_version=&#187;3.25&#8243; custom_padding=&#187;|||&#187; global_colors_info=&#187;{}&#187; padding_tablet=&#187;0px|||10%&#187; padding_last_edited=&#187;on|tablet&#187; custom_padding__hover=&#187;|||&#187;][et_pb_row_inner _builder_version=&#187;4.10.2&#8243; custom_margin=&#187;||||false|false&#187; custom_padding=&#187;|10%|||false|false&#187; global_colors_info=&#187;{}&#187;][et_pb_column_inner saved_specialty_column_type=&#187;1_2&#8243; _builder_version=&#187;4.10.2&#8243; custom_padding=&#187;|||&#187; global_colors_info=&#187;{}&#187; custom_padding__hover=&#187;|||&#187;][et_pb_text _builder_version=&#187;4.10.2&#8243; text_font=&#187;||||||||&#187; text_font_size=&#187;18px&#187; text_line_height=&#187;1.4em&#187; header_font=&#187;||||||||&#187; header_2_font=&#187;Poppins|600|||||||&#187; header_2_text_color=&#187;#008dd2&#8243; header_2_font_size=&#187;28px&#187; header_2_line_height=&#187;1.3em&#187; animation_style=&#187;slide&#187; animation_direction=&#187;right&#187; animation_intensity_slide=&#187;5%&#187; hover_enabled=&#187;0&#8243; text_font_size_tablet=&#187;&#187; text_font_size_phone=&#187;16px&#187; text_font_size_last_edited=&#187;on|phone&#187; header_2_font_size_tablet=&#187;&#187; header_2_font_size_phone=&#187;22px&#187; header_2_font_size_last_edited=&#187;on|phone&#187; header_2_line_height_tablet=&#187;&#187; header_2_line_height_phone=&#187;1.2em&#187; header_2_line_height_last_edited=&#187;on|phone&#187; locked=&#187;off&#187; global_colors_info=&#187;{}&#187; sticky_enabled=&#187;0&#8243;]<\/p>\n<h2>Baureinigung<\/h2>\n<p>Wenn Bau- oder Renovierungsarbeiten abgeschlossen sind, muss die Baustelle von Schmutz und Abf\u00e4llen befreit werden. \u00a0In direkter Zusammenarbeit mit der Bauleitung und mit w\u00f6chentlichen Sitzungen sorgt das Team von Tulpen-Reinigung daf\u00fcr, dass die Spuren von Bauarbeiten gr\u00fcndlich und vollst\u00e4ndig beseitigt werden. Dabei ber\u00fccksichtigen wir alle R\u00e4ume von Kellerboden bis zum Dach.<\/p>\n<p>Unser gut geschultes Team qualifizierter Mitarbeiter zeichnet sich durch eine p\u00fcnktliche, umsichtige und gr\u00fcndliche Arbeitsweise aus. Die Baustellenreinigung bieten wir als Zwischen-, Grob- und Endreinigung an.<\/p>\n<p>[\/et_pb_text][et_pb_image src=&#187;https:\/\/tulpenreinigung.ch\/wp-content\/uploads\/2021\/09\/baureinigung_pexels-ksenia-chernaya-5691510-scaled.jpg&#187; title_text=&#187;baureinigung_pexels-ksenia-chernaya-5691510&#8243; align_tablet=&#187;center&#187; align_phone=&#187;center&#187; align_last_edited=&#187;on|desktop&#187; _builder_version=&#187;4.10.2&#8243; width_tablet=&#187;&#187; width_phone=&#187;100%&#187; width_last_edited=&#187;on|phone&#187; max_height=&#187;100%&#187; custom_margin=&#187;||||false|false&#187; animation_style=&#187;slide&#187; animation_direction=&#187;left&#187; animation_intensity_slide=&#187;5%&#187; locked=&#187;off&#187; global_colors_info=&#187;{}&#187;][\/et_pb_image][et_pb_text _builder_version=&#187;4.10.2&#8243; text_font=&#187;||||||||&#187; text_font_size=&#187;18px&#187; text_line_height=&#187;1.4em&#187; header_font=&#187;||||||||&#187; header_2_font=&#187;Poppins|600|||||||&#187; header_2_text_color=&#187;#008dd2&#8243; header_2_font_size=&#187;28px&#187; header_2_line_height=&#187;1.4em&#187; animation_style=&#187;slide&#187; animation_direction=&#187;right&#187; animation_intensity_slide=&#187;5%&#187; hover_enabled=&#187;0&#8243; header_2_font_size_tablet=&#187;&#187; header_2_font_size_phone=&#187;22px&#187; header_2_font_size_last_edited=&#187;on|phone&#187; header_2_line_height_tablet=&#187;&#187; header_2_line_height_phone=&#187;1.2em&#187; header_2_line_height_last_edited=&#187;on|phone&#187; locked=&#187;off&#187; global_colors_info=&#187;{}&#187; sticky_enabled=&#187;0&#8243;]<\/p>\n<h2>Tulpen-Reinigung &#8211; Ihr erfahrener Partner f\u00fcr:<\/h2>\n<div class=\"zweier_hjo\">\n<div class=\"checklist_hjo\"><i class=\"fa fa-check\" aria-hidden=\"true\"><\/i>Grobreinigung<br \/><i class=\"fa fa-check\" aria-hidden=\"true\"><\/i>Zwischenreinigung<br \/><i class=\"fa fa-check\" aria-hidden=\"true\"><\/i>Endreinigung<br \/><i class=\"fa fa-check\" aria-hidden=\"true\"><\/i>Feinreinigung<\/div>\n<\/div>\n<p>[\/et_pb_text][et_pb_cta title=&#187;Kontaktieren Sie uns&#187; button_url=&#187;https:\/\/tulpenreinigung.ch\/kontakt\/&#187; button_text=&#187;Kontakt&#187; _builder_version=&#187;4.10.2&#8243; header_level=&#187;h4&#8243; header_font=&#187;Poppins|600|||||||&#187; header_text_color=&#187;#000000&#8243; header_font_size=&#187;28px&#187; header_line_height=&#187;1.2em&#187; body_font=&#187;||||||||&#187; body_text_color=&#187;#666666&#8243; body_font_size=&#187;18px&#187; body_line_height=&#187;1.5em&#187; background_color=&#187;rgba(126,190,197,0)&#187; custom_button=&#187;on&#187; button_text_size=&#187;18px&#187; button_text_color=&#187;#FFFFFF&#187; button_bg_color=&#187;#557df3&#8243; button_border_width=&#187;10px&#187; button_border_color=&#187;#ffffff&#187; button_border_radius=&#187;0px&#187; button_font=&#187;Ubuntu|700|||||||&#187; button_icon=&#187;%%36%%&#187; custom_margin_tablet=&#187;&#187; custom_margin_phone=&#187;50px||||false|false&#187; custom_margin_last_edited=&#187;on|phone&#187; animation_style=&#187;slide&#187; animation_direction=&#187;right&#187; animation_intensity_slide=&#187;5%&#187; header_font_size_tablet=&#187;&#187; header_font_size_phone=&#187;22px&#187; header_font_size_last_edited=&#187;on|phone&#187; border_width_all=&#187;1px&#187; border_color_all=&#187;#dee4ee&#187; box_shadow_style=&#187;preset1&#8243; box_shadow_color=&#187;rgba(213,221,234,0.5)&#187; button_border_radius_hover=&#187;0px&#187; locked=&#187;off&#187; global_colors_info=&#187;{}&#187; button_text_size__hover_enabled=&#187;off&#187; button_one_text_size__hover_enabled=&#187;off&#187; button_two_text_size__hover_enabled=&#187;off&#187; button_text_color__hover_enabled=&#187;off&#187; button_one_text_color__hover_enabled=&#187;off&#187; button_two_text_color__hover_enabled=&#187;off&#187; button_border_width__hover_enabled=&#187;off&#187; button_one_border_width__hover_enabled=&#187;off&#187; button_two_border_width__hover_enabled=&#187;off&#187; button_border_color__hover_enabled=&#187;off&#187; button_one_border_color__hover_enabled=&#187;off&#187; button_two_border_color__hover_enabled=&#187;off&#187; button_border_radius__hover_enabled=&#187;on&#187; button_border_radius__hover=&#187;0px&#187; button_one_border_radius__hover_enabled=&#187;off&#187; button_two_border_radius__hover_enabled=&#187;off&#187; button_letter_spacing__hover_enabled=&#187;off&#187; button_one_letter_spacing__hover_enabled=&#187;off&#187; button_two_letter_spacing__hover_enabled=&#187;off&#187; button_bg_color__hover_enabled=&#187;off&#187; button_one_bg_color__hover_enabled=&#187;off&#187; button_two_bg_color__hover_enabled=&#187;off&#187;]<\/p>\n<p>Kontaktieren Sie uns via E-Mail oder per Telefon, damit wir Sie unverbindlich bei einem ersten kostenlosen Gespr\u00e4ch beraten k\u00f6nnen. Wir sind gerne f\u00fcr Sie da.<\/p>\n<p>[\/et_pb_cta][\/et_pb_column_inner][\/et_pb_row_inner][\/et_pb_column][\/et_pb_section]<\/p>\n","protected":false},"excerpt":{"rendered":"<p>Tulpen \u2013 Reinigung: Ihr ReinigungsexperteBaureinigung Wenn Bau- oder Renovierungsarbeiten abgeschlossen sind, muss die Baustelle von Schmutz und Abf\u00e4llen befreit werden. \u00a0In direkter Zusammenarbeit mit der Bauleitung und mit w\u00f6chentlichen Sitzungen sorgt das Team von Tulpen-Reinigung daf\u00fcr, dass die Spuren von Bauarbeiten gr\u00fcndlich und vollst\u00e4ndig beseitigt werden. Dabei ber\u00fccksichtigen wir alle R\u00e4ume von Kellerboden bis zum [&hellip;]<\/p>\n","protected":false},"author":2,"featured_media":0,"parent":0,"menu_order":0,"comment_status":"closed","ping_status":"closed","template":"","meta":{"_et_pb_use_builder":"on","_et_pb_old_content":"<!-- wp:divi\/placeholder \/-->","_et_gb_content_width":"","footnotes":""},"class_list":["post-584","page","type-page","status-publish","hentry"],"_links":{"self":[{"href":"https:\/\/tulpenreinigung.ch\/sq\/wp-json\/wp\/v2\/pages\/584","targetHints":{"allow":["GET"]}}],"collection":[{"href":"https:\/\/tulpenreinigung.ch\/sq\/wp-json\/wp\/v2\/pages"}],"about":[{"href":"https:\/\/tulpenreinigung.ch\/sq\/wp-json\/wp\/v2\/types\/page"}],"author":[{"embeddable":true,"href":"https:\/\/tulpenreinigung.ch\/sq\/wp-json\/wp\/v2\/users\/2"}],"replies":[{"embeddable":true,"href":"https:\/\/tulpenreinigung.ch\/sq\/wp-json\/wp\/v2\/comments?post=584"}],"version-history":[{"count":7,"href":"https:\/\/tulpenreinigung.ch\/sq\/wp-json\/wp\/v2\/pages\/584\/revisions"}],"predecessor-version":[{"id":627,"href":"https:\/\/tulpenreinigung.ch\/sq\/wp-json\/wp\/v2\/pages\/584\/revisions\/627"}],"wp:attachment":[{"href":"https:\/\/tulpenreinigung.ch\/sq\/wp-json\/wp\/v2\/media?parent=584"}],"curies":[{"name":"wp","href":"https:\/\/api.w.org\/{rel}","templated":true}]}}